{"id":2,"date":"2026-02-28T03:51:25","date_gmt":"2026-02-28T03:51:25","guid":{"rendered":"http:\/\/faorzvv.cluster121.hosting.ovh.net\/?page_id=2"},"modified":"2026-03-01T04:13:12","modified_gmt":"2026-03-01T04:13:12","slug":"sample-page","status":"publish","type":"page","link":"http:\/\/faorzvv.cluster121.hosting.ovh.net\/","title":{"rendered":"Escape Motel &#8211; escape room Granada"},"content":{"rendered":"\n<p class=\"has-background has-x-large-font-size\" style=\"background:linear-gradient(135deg,rgb(254,254,254) 0%,rgb(209,209,209) 100%)\"><strong>\u00bfQUIERES REALIZAR UNA RESERVA O CONSULTA?<br><br>ESCR\u00cdBENOS AL WHATSAPP Y TE ATENDEREMOS! <br><a href=\"https:\/\/wa.me\/34627883103\">\u27a1\ufe0f 627883103<\/a><\/strong><\/p>\n\n\n\n<div class=\"wp-block-buttons is-layout-flex wp-block-buttons-is-layout-flex\">\n<div class=\"wp-block-button\"><a class=\"wp-block-button__link wp-element-button\" href=\"https:\/\/wa.me\/34627883103\"><strong>WhatsApp 627883103<\/strong><\/a><\/div>\n<\/div>\n\n\n\n<blockquote class=\"wp-block-quote is-layout-flow wp-block-quote-is-layout-flow\">\n<p class=\"is-style-text-annotation has-contrast-color has-accent-1-background-color has-text-color has-background has-link-color has-large-font-size wp-elements-c32f64cbf828328c424604faca9d57b8 is-style-text-annotation--1\" style=\"padding-top:var(--wp--preset--spacing--20);padding-bottom:var(--wp--preset--spacing--20)\"><mark style=\"background-color:rgba(0, 0, 0, 0)\" class=\"has-inline-color has-accent-4-color\"><strong>Estamos actualizando la p\u00e1gina web y en breve estar\u00e1 disponible el calendario de reservas para poder consultar cualquier sesi\u00f3n libre del d\u00eda que m\u00e1s os pueda interesar, pero de momento os la podemos realizar por WhatsApp sin problema!<\/strong><\/mark><\/p>\n<\/blockquote>\n\n\n\n<p>A veces nos es imposible responder por llamada pero por WhatsApp no habr\u00eda problema! \ud83d\udc4d<\/p>\n\n\n\n<blockquote class=\"wp-block-quote is-layout-flow wp-block-quote-is-layout-flow\">\n<div class=\"wp-block-buttons is-layout-flex wp-block-buttons-is-layout-flex\">\n<div class=\"wp-block-button\"><a class=\"wp-block-button__link wp-element-button\" href=\"https:\/\/wa.me\/34627883103\"><strong>WhatsApp: 627883103<\/strong><\/a><\/div>\n<\/div>\n<\/blockquote>\n\n\n\n<p><\/p>\n\n\n\n<p>Un saludo!! \ud83d\ude18<\/p>\n\n\n\n<p><\/p>\n","protected":false},"excerpt":{"rendered":"<p>\u00bfQUIERES REALIZAR UNA RESERVA O CONSULTA? ESCR\u00cdBENOS AL WHATSAPP Y TE ATENDEREMOS! \u27a1\ufe0f 627883103 Estamos actualizando la p\u00e1gina web y en breve estar\u00e1 disponible el calendario de reservas para poder consultar cualquier sesi\u00f3n libre del d\u00eda que m\u00e1s os pueda interesar, pero de momento os la podemos realizar por WhatsApp sin problema! A veces nos [&hellip;]<\/p>\n","protected":false},"author":1,"featured_media":0,"parent":0,"menu_order":0,"comment_status":"closed","ping_status":"open","template":"","meta":{"footnotes":""},"class_list":["post-2","page","type-page","status-publish","hentry"],"_links":{"self":[{"href":"http:\/\/faorzvv.cluster121.hosting.ovh.net\/index.php\/wp-json\/wp\/v2\/pages\/2","targetHints":{"allow":["GET"]}}],"collection":[{"href":"http:\/\/faorzvv.cluster121.hosting.ovh.net\/index.php\/wp-json\/wp\/v2\/pages"}],"about":[{"href":"http:\/\/faorzvv.cluster121.hosting.ovh.net\/index.php\/wp-json\/wp\/v2\/types\/page"}],"author":[{"embeddable":true,"href":"http:\/\/faorzvv.cluster121.hosting.ovh.net\/index.php\/wp-json\/wp\/v2\/users\/1"}],"replies":[{"embeddable":true,"href":"http:\/\/faorzvv.cluster121.hosting.ovh.net\/index.php\/wp-json\/wp\/v2\/comments?post=2"}],"version-history":[{"count":2,"href":"http:\/\/faorzvv.cluster121.hosting.ovh.net\/index.php\/wp-json\/wp\/v2\/pages\/2\/revisions"}],"predecessor-version":[{"id":10,"href":"http:\/\/faorzvv.cluster121.hosting.ovh.net\/index.php\/wp-json\/wp\/v2\/pages\/2\/revisions\/10"}],"wp:attachment":[{"href":"http:\/\/faorzvv.cluster121.hosting.ovh.net\/index.php\/wp-json\/wp\/v2\/media?parent=2"}],"curies":[{"name":"wp","href":"https:\/\/api.w.org\/{rel}","templated":true}]}}